{"id":199,"date":"2024-11-10T11:42:21","date_gmt":"2024-11-10T10:42:21","guid":{"rendered":"https:\/\/renoveal.fr\/?page_id=199"},"modified":"2024-11-10T13:35:11","modified_gmt":"2024-11-10T12:35:11","slug":"contact","status":"publish","type":"page","link":"https:\/\/renoveal.fr\/index.php\/contact\/","title":{"rendered":"Contact"},"content":{"rendered":"\n<h3 class=\"wp-block-heading has-text-align-center\"><strong><em>Votre projet commence ici !<\/em><\/strong><\/h3>\n\n\n\n<p><\/p>\n\n\n\n<p>Vous avez un projet de r\u00e9novation int\u00e9rieure ou une question sur nos services ? L\u2019\u00e9quipe <strong>RENOVEAL<\/strong> est \u00e0 votre \u00e9coute pour vous accompagner \u00e0 chaque \u00e9tape.<br><strong>Nos valeurs : proximit\u00e9, professionnalisme et qualit\u00e9 fran\u00e7aise \ud83c\uddeb\ud83c\uddf7.<\/strong><\/p>\n\n\n\n<p><\/p>\n\n\n\n<p><strong>Comment nous contacter ?<\/strong><br>\ud83d\udcde <strong>T\u00e9l\u00e9phone :<\/strong> 07 67 62 03 10<br>\ud83d\udce7 <strong>E-mail :<\/strong> contact@renoveal.fr<br>\ud83d\udccd <strong>Adresse :<\/strong> 59200 Tourcoing, intervient sur la M\u00e9tropole Lilloise<\/p>\n\n\n\n<p><\/p>\n\n\n\n<p><strong>Formulaire de contact :<\/strong><br>Remplissez notre formulaire en ligne pour un <strong>devis gratuit<\/strong> ou pour toute demande d\u2019information. Nous vous r\u00e9pondrons dans les plus brefs d\u00e9lais.<\/p>\n\n\n\n<hr class=\"wp-block-separator has-alpha-channel-opacity\"\/>\n\n\n\n<h3 class=\"wp-block-heading\"><strong>Pourquoi choisir RENOVEAL ?<\/strong><\/h3>\n\n\n\n<ul class=\"wp-block-list\">\n<li><strong>Une \u00e9quipe \u00e0 l\u2019\u00e9coute :<\/strong> Chaque projet est unique, et nous mettons un point d\u2019honneur \u00e0 comprendre vos besoins.<\/li>\n\n\n\n<li><strong>Fabrication fran\u00e7aise \ud83c\uddeb\ud83c\uddf7 :<\/strong> La qualit\u00e9 et le savoir-faire local au c\u0153ur de nos solutions.<\/li>\n\n\n\n<li><strong>Des d\u00e9lais respect\u00e9s :<\/strong> Une gestion rigoureuse pour garantir votre satisfaction.<\/li>\n<\/ul>\n\n\n\n<p><\/p>\n\n\n\n<p><strong>\ud83d\udcc5 Planifiez un rendez-vous d\u00e8s maintenant et donnez vie \u00e0 vos id\u00e9es !<\/strong><br>Nous sommes impatients de collaborer avec vous pour transformer vos espaces.<\/p>\n\n\n\n<h2 class=\"wp-block-heading has-text-align-center\">Pour Toutes Demandes<\/h2>\n\n\n\n<h2 class=\"wp-block-heading has-text-align-center\">C&rsquo;est Par Ici !!!<\/h2>\n\n\n\n<div class=\"wp-block-contact-form-7-contact-form-selector\">\n<div class=\"wpcf7 no-js\" id=\"wpcf7-f297-o1\" lang=\"fr-FR\" dir=\"ltr\" data-wpcf7-id=\"297\">\n<div class=\"screen-reader-response\"><p role=\"status\" aria-live=\"polite\" aria-atomic=\"true\"><\/p> <ul><\/ul><\/div>\n<form action=\"\/index.php\/wp-json\/wp\/v2\/pages\/199#wpcf7-f297-o1\" method=\"post\" class=\"wpcf7-form init\" aria-label=\"Formulaire de contact\" novalidate=\"novalidate\" data-status=\"init\">\n<div style=\"display: none;\">\n<input type=\"hidden\" name=\"_wpcf7\" value=\"297\" \/>\n<input type=\"hidden\" name=\"_wpcf7_version\" value=\"6.0\" \/>\n<input type=\"hidden\" name=\"_wpcf7_locale\" value=\"fr_FR\" \/>\n<input type=\"hidden\" name=\"_wpcf7_unit_tag\" value=\"wpcf7-f297-o1\" \/>\n<input type=\"hidden\" name=\"_wpcf7_container_post\" value=\"0\" \/>\n<input type=\"hidden\" name=\"_wpcf7_posted_data_hash\" value=\"\" \/>\n<input type=\"hidden\" name=\"_wpcf7_recaptcha_response\" value=\"\" \/>\n<\/div>\n<p><label> Votre nom<br \/>\n<span class=\"wpcf7-form-control-wrap\" data-name=\"your-name\"><input size=\"40\" maxlength=\"400\" class=\"wpcf7-form-control wpcf7-text wpcf7-validates-as-required\" autocomplete=\"name\" aria-required=\"true\" aria-invalid=\"false\" value=\"\" type=\"text\" name=\"your-name\" \/><\/span> <\/label>\n<\/p>\n<p><label> Votre e-mail<br \/>\n<span class=\"wpcf7-form-control-wrap\" data-name=\"your-email\"><input size=\"40\" maxlength=\"400\" class=\"wpcf7-form-control wpcf7-email wpcf7-validates-as-required wpcf7-text wpcf7-validates-as-email\" autocomplete=\"email\" aria-required=\"true\" aria-invalid=\"false\" value=\"\" type=\"email\" name=\"your-email\" \/><\/span> <\/label>\n<\/p>\n<p><label> Objet<br \/>\n<span class=\"wpcf7-form-control-wrap\" data-name=\"your-subject\"><input size=\"40\" maxlength=\"400\" class=\"wpcf7-form-control wpcf7-text wpcf7-validates-as-required\" aria-required=\"true\" aria-invalid=\"false\" value=\"\" type=\"text\" name=\"your-subject\" \/><\/span> <\/label>\n<\/p>\n<p><label> Votre message (facultatif)<br \/>\n<span class=\"wpcf7-form-control-wrap\" data-name=\"your-message\"><textarea cols=\"40\" rows=\"10\" maxlength=\"2000\" class=\"wpcf7-form-control wpcf7-textarea\" aria-invalid=\"false\" name=\"your-message\"><\/textarea><\/span> <\/label>\n<\/p>\n<p><input class=\"wpcf7-form-control wpcf7-submit has-spinner\" type=\"submit\" value=\"Envoyer\" \/>\n<\/p><div class=\"wpcf7-response-output\" aria-hidden=\"true\"><\/div>\n<\/form>\n<\/div>\n<\/div>\n","protected":false},"excerpt":{"rendered":"<p>Votre projet commence ici ! Vous avez un projet de r\u00e9novation int\u00e9rieure ou une question sur nos services ? L\u2019\u00e9quipe RENOVEAL est \u00e0 votre \u00e9coute pour vous accompagner \u00e0 chaque \u00e9tape.Nos valeurs : proximit\u00e9, professionnalisme et qualit\u00e9 fran\u00e7aise \ud83c\uddeb\ud83c\uddf7. Comment nous contacter ?\ud83d\udcde T\u00e9l\u00e9phone : 07 67 62 03 10\ud83d\udce7 E-mail : contact@renoveal.fr\ud83d\udccd Adresse : [&hellip;]<\/p>\n","protected":false},"author":1,"featured_media":0,"parent":0,"menu_order":0,"comment_status":"closed","ping_status":"closed","template":"","meta":{"saved_in_kubio":false,"footnotes":""},"class_list":["post-199","page","type-page","status-publish","hentry"],"kubio_ai_page_context":{"short_desc":"","purpose":"general"},"_links":{"self":[{"href":"https:\/\/renoveal.fr\/index.php\/wp-json\/wp\/v2\/pages\/199","targetHints":{"allow":["GET"]}}],"collection":[{"href":"https:\/\/renoveal.fr\/index.php\/wp-json\/wp\/v2\/pages"}],"about":[{"href":"https:\/\/renoveal.fr\/index.php\/wp-json\/wp\/v2\/types\/page"}],"author":[{"embeddable":true,"href":"https:\/\/renoveal.fr\/index.php\/wp-json\/wp\/v2\/users\/1"}],"replies":[{"embeddable":true,"href":"https:\/\/renoveal.fr\/index.php\/wp-json\/wp\/v2\/comments?post=199"}],"version-history":[{"count":9,"href":"https:\/\/renoveal.fr\/index.php\/wp-json\/wp\/v2\/pages\/199\/revisions"}],"predecessor-version":[{"id":303,"href":"https:\/\/renoveal.fr\/index.php\/wp-json\/wp\/v2\/pages\/199\/revisions\/303"}],"wp:attachment":[{"href":"https:\/\/renoveal.fr\/index.php\/wp-json\/wp\/v2\/media?parent=199"}],"curies":[{"name":"wp","href":"https:\/\/api.w.org\/{rel}","templated":true}]}}