{"id":197,"date":"2024-11-10T11:42:21","date_gmt":"2024-11-10T10:42:21","guid":{"rendered":"https:\/\/renoveal.fr\/?page_id=197"},"modified":"2024-11-10T12:33:33","modified_gmt":"2024-11-10T11:33:33","slug":"services","status":"publish","type":"page","link":"https:\/\/renoveal.fr\/index.php\/services\/","title":{"rendered":"Services"},"content":{"rendered":"\n<h2 class=\"wp-block-heading has-text-align-center\"><strong><em>Des solutions sur mesure pour chaque projet<\/em><\/strong><\/h2>\n\n\n\n<p>          <\/p>\n\n\n\n<p>Avec RENOVEAL, chaque projet est unique, tout comme vous.<br>Nous proposons une gamme compl\u00e8te de services de r\u00e9novation int\u00e9rieure :<\/p>\n\n\n\n<ul class=\"wp-block-list\">\n<li><strong>Am\u00e9nagement et d\u00e9coration :<\/strong> Transformez vos espaces pour un confort optimal et un design harmonieux.<\/li>\n\n\n\n<li><strong>R\u00e9novation cl\u00e9 en main :<\/strong> Un accompagnement de A \u00e0 Z pour une transformation sans stress.<\/li>\n\n\n\n<li><strong>Travaux sp\u00e9cifiques :<\/strong> Plomberie, \u00e9lectricit\u00e9, rev\u00eatements&#8230; chaque d\u00e9tail compte.<br>Avec nous, c\u2019est l\u2019assurance d\u2019un travail soign\u00e9, durable et \u00e0 la hauteur de vos attentes.<\/li>\n<\/ul>\n","protected":false},"excerpt":{"rendered":"<p>Des solutions sur mesure pour chaque projet Avec RENOVEAL, chaque projet est unique, tout comme vous.Nous proposons une gamme compl\u00e8te de services de r\u00e9novation int\u00e9rieure :<\/p>\n","protected":false},"author":1,"featured_media":0,"parent":0,"menu_order":0,"comment_status":"closed","ping_status":"closed","template":"","meta":{"saved_in_kubio":false,"footnotes":""},"class_list":["post-197","page","type-page","status-publish","hentry"],"kubio_ai_page_context":{"short_desc":"","purpose":"general"},"_links":{"self":[{"href":"https:\/\/renoveal.fr\/index.php\/wp-json\/wp\/v2\/pages\/197","targetHints":{"allow":["GET"]}}],"collection":[{"href":"https:\/\/renoveal.fr\/index.php\/wp-json\/wp\/v2\/pages"}],"about":[{"href":"https:\/\/renoveal.fr\/index.php\/wp-json\/wp\/v2\/types\/page"}],"author":[{"embeddable":true,"href":"https:\/\/renoveal.fr\/index.php\/wp-json\/wp\/v2\/users\/1"}],"replies":[{"embeddable":true,"href":"https:\/\/renoveal.fr\/index.php\/wp-json\/wp\/v2\/comments?post=197"}],"version-history":[{"count":4,"href":"https:\/\/renoveal.fr\/index.php\/wp-json\/wp\/v2\/pages\/197\/revisions"}],"predecessor-version":[{"id":245,"href":"https:\/\/renoveal.fr\/index.php\/wp-json\/wp\/v2\/pages\/197\/revisions\/245"}],"wp:attachment":[{"href":"https:\/\/renoveal.fr\/index.php\/wp-json\/wp\/v2\/media?parent=197"}],"curies":[{"name":"wp","href":"https:\/\/api.w.org\/{rel}","templated":true}]}}